{"id":986,"date":"2022-01-06T15:27:09","date_gmt":"2022-01-06T13:27:09","guid":{"rendered":"https:\/\/www.themodernalchemist.shop\/product\/uncategorized\/chartreuse-la-liqueur\/"},"modified":"2026-03-20T14:27:22","modified_gmt":"2026-03-20T12:27:22","slug":"chartreuse-la-liqueur","status":"publish","type":"product","link":"https:\/\/www.themodernalchemist.bar\/webshop\/books\/chartreuse-la-liqueur\/","title":{"rendered":"Chartreuse La Liqueur"},"content":{"rendered":"<p><strong>Back cover of Chartreuse La Liqueur:<\/strong><br \/>\n&#8220;La recette de fabrication de la Chartreuse, raconte l&#8217;histoire qui n&#8217;est pas une l\u00e9gende, a \u00e9t\u00e9 donn\u00e9e aux chartreux par quelqu&#8217;un qui leur avait des obligations et voulait s&#8217;acquitter envers eux : le Mar\u00e9chal d&#8217;Estr\u00e9es, en 1605 (&#8230;)<br \/>\nSans doute ce secret primitif n&#8217;est pas rest\u00e9 tel qu&#8217;il \u00e9tait \u00e0 l&#8217;origine ; il a \u00e9t\u00e9 perfectionn\u00e9, mais par qui ? Par les chartreux eux-m\u00eames (&#8230;)<br \/>\nIl importe peu que le secret ait subit des \u00e9volutions, des perfectionnements, s&#8217;il est toujours rest\u00e9 un secret. Cela seul est int\u00e9ressant.<br \/>\nDu moment que le secret a \u00e9t\u00e9 conserv\u00e9, il est indiff\u00e9rent, en droit comme en fait, qu&#8217;il soit rest\u00e9 le m\u00eame, qu&#8217;\u00e0 son origine, ou qu&#8217;il ait subi des modification qui \u00e9taient des perfectionnements.&#8221;<\/p>\n<p>Revue des grands d\u00e9bats parlementaires, 1991<\/p>\n<p>More info about the book Chartreuse La Liqueur : <a href=\"https:\/\/www.chartreuse.fr\/en\/\" target=\"_blank\" rel=\"noopener\">Chartreuse Website<\/a><\/p>\n<ul>\n<li>See more products from <a href=\"https:\/\/www.themodernalchemist.bar\/brands\/chartreuse\/\">Chartreuse<\/a>.<\/li>\n<li>See <a href=\"https:\/\/www.themodernalchemist.bar\/webshop\/spirits\/liqueur\/\">all Liqueur<\/a>.<\/li>\n<\/ul>\n","protected":false},"excerpt":{"rendered":"<p>Official book published by <a href=\"https:\/\/www.chartreuse.fr\/livre-chartreuse-la-liqueur\/\">Chartreuse Diffusion<\/a><\/p>\n<p><strong>Print<\/strong>: June 2019<br \/>\n<strong>Type<\/strong>: Hardcover, 348pp<br \/>\n<strong>Language:<\/strong>\u00a0French or English<\/p>\n","protected":false},"featured_media":195,"comment_status":"open","ping_status":"closed","template":"","meta":{"_uag_custom_page_level_css":"","site-sidebar-layout":"default","site-content-layout":"default","ast-site-content-layout":"default","site-content-style":"default","site-sidebar-style":"default","ast-global-header-display":"","ast-banner-title-visibility":"","ast-main-header-display":"","ast-hfb-above-header-display":"","ast-hfb-below-header-display":"","ast-hfb-mobile-header-display":"","site-post-title":"","ast-breadcrumbs-content":"","ast-featured-img":"","footer-sml-layout":"","ast-disable-related-posts":"","theme-transparent-header-meta":"default","adv-header-id-meta":"","stick-header-meta":"default","header-above-stick-meta":"","header-main-stick-meta":"","header-below-stick-meta":"","astra-migrate-meta-layouts":"default","ast-page-background-enabled":"default","ast-page-background-meta":{"desktop":{"background-color":"","background-image":"","background-repeat":"repeat","background-position":"center center","background-size":"auto","background-attachment":"scroll","background-type":"","background-media":"","overlay-type":"","overlay-color":"","overlay-opacity":"","overlay-gradient":""},"tablet":{"background-color":"","background-image":"","background-repeat":"repeat","background-position":"center center","background-size":"auto","background-attachment":"scroll","background-type":"","background-media":"","overlay-type":"","overlay-color":"","overlay-opacity":"","overlay-gradient":""},"mobile":{"background-color":"","background-image":"","background-repeat":"repeat","background-position":"center center","background-size":"auto","background-attachment":"scroll","background-type":"","background-media":"","overlay-type":"","overlay-color":"","overlay-opacity":"","overlay-gradient":""}},"ast-content-background-meta":{"desktop":{"background-color":"var(--ast-global-color-5)","background-image":"","background-repeat":"repeat","background-position":"center center","background-size":"auto","background-attachment":"scroll","background-type":"","background-media":"","overlay-type":"","overlay-color":"","overlay-opacity":"","overlay-gradient":""},"tablet":{"background-color":"var(--ast-global-color-5)","background-image":"","background-repeat":"repeat","background-position":"center center","background-size":"auto","background-attachment":"scroll","background-type":"","background-media":"","overlay-type":"","overlay-color":"","overlay-opacity":"","overlay-gradient":""},"mobile":{"background-color":"var(--ast-global-color-5)","background-image":"","background-repeat":"repeat","background-position":"center center","background-size":"auto","background-attachment":"scroll","background-type":"","background-media":"","overlay-type":"","overlay-color":"","overlay-opacity":"","overlay-gradient":""}}},"pwb-brand":[430],"product_brand":[],"product_cat":[111],"product_tag":[110,128,238,477],"class_list":{"0":"post-986","1":"product","2":"type-product","3":"status-publish","4":"has-post-thumbnail","6":"pwb-brand-chartreuse","7":"product_cat-books","8":"product_tag-book","9":"product_tag-chartreuse","10":"product_tag-liqueur","11":"product_tag-monk","12":"product_shipping_class-books","13":"desktop-align-center","14":"tablet-align-center","15":"mobile-align-center","16":"ast-product-gallery-layout-horizontal","17":"ast-product-gallery-with-no-image","18":"ast-magnify-disabled","19":"ast-product-single-variable","20":"ast-product-tabs-layout-horizontal","22":"first","23":"outofstock","24":"taxable","25":"shipping-taxable","26":"purchasable","27":"product-type-variable"},"uagb_featured_image_src":{"full":["https:\/\/www.themodernalchemist.bar\/webshop\/wp-content\/uploads\/sites\/9\/2022\/01\/Chartreuse-book.jpg",1200,1200,false],"thumbnail":["https:\/\/www.themodernalchemist.bar\/webshop\/wp-content\/uploads\/sites\/9\/2022\/01\/Chartreuse-book-150x150.jpg",150,150,true],"medium":["https:\/\/www.themodernalchemist.bar\/webshop\/wp-content\/uploads\/sites\/9\/2022\/01\/Chartreuse-book-300x300.jpg",300,300,true],"medium_large":["https:\/\/www.themodernalchemist.bar\/webshop\/wp-content\/uploads\/sites\/9\/2022\/01\/Chartreuse-book-768x768.jpg",768,768,true],"large":["https:\/\/www.themodernalchemist.bar\/webshop\/wp-content\/uploads\/sites\/9\/2022\/01\/Chartreuse-book-1024x1024.jpg",1024,1024,true],"1536x1536":["https:\/\/www.themodernalchemist.bar\/webshop\/wp-content\/uploads\/sites\/9\/2022\/01\/Chartreuse-book.jpg",1200,1200,false],"2048x2048":["https:\/\/www.themodernalchemist.bar\/webshop\/wp-content\/uploads\/sites\/9\/2022\/01\/Chartreuse-book.jpg",1200,1200,false],"woocommerce_thumbnail":["https:\/\/www.themodernalchemist.bar\/webshop\/wp-content\/uploads\/sites\/9\/2022\/01\/Chartreuse-book-300x300.jpg",300,300,true],"woocommerce_single":["https:\/\/www.themodernalchemist.bar\/webshop\/wp-content\/uploads\/sites\/9\/2022\/01\/Chartreuse-book-600x600.jpg",600,600,true],"woocommerce_gallery_thumbnail":["https:\/\/www.themodernalchemist.bar\/webshop\/wp-content\/uploads\/sites\/9\/2022\/01\/Chartreuse-book-100x100.jpg",100,100,true],"dgwt-wcas-product-suggestion":["https:\/\/www.themodernalchemist.bar\/webshop\/wp-content\/uploads\/sites\/9\/2022\/01\/Chartreuse-book-64x64.jpg",64,64,true]},"uagb_author_info":{"display_name":"Chris","author_link":"https:\/\/www.themodernalchemist.bar\/webshop\/author\/"},"uagb_comment_info":0,"uagb_excerpt":"Official book published by Chartreuse Diffusion Print: June 2019 Type: Hardcover, 348pp Language:\u00a0French or English","brands":[{"id":430,"name":"Chartreuse","slug":"chartreuse"}],"_links":{"self":[{"href":"https:\/\/www.themodernalchemist.bar\/webshop\/wp-json\/wp\/v2\/product\/986","targetHints":{"allow":["GET"]}}],"collection":[{"href":"https:\/\/www.themodernalchemist.bar\/webshop\/wp-json\/wp\/v2\/product"}],"about":[{"href":"https:\/\/www.themodernalchemist.bar\/webshop\/wp-json\/wp\/v2\/types\/product"}],"replies":[{"embeddable":true,"href":"https:\/\/www.themodernalchemist.bar\/webshop\/wp-json\/wp\/v2\/comments?post=986"}],"wp:featuredmedia":[{"embeddable":true,"href":"https:\/\/www.themodernalchemist.bar\/webshop\/wp-json\/wp\/v2\/media\/195"}],"wp:attachment":[{"href":"https:\/\/www.themodernalchemist.bar\/webshop\/wp-json\/wp\/v2\/media?parent=986"}],"wp:term":[{"taxonomy":"pwb-brand","embeddable":true,"href":"https:\/\/www.themodernalchemist.bar\/webshop\/wp-json\/wp\/v2\/pwb-brand?post=986"},{"taxonomy":"product_brand","embeddable":true,"href":"https:\/\/www.themodernalchemist.bar\/webshop\/wp-json\/wp\/v2\/product_brand?post=986"},{"taxonomy":"product_cat","embeddable":true,"href":"https:\/\/www.themodernalchemist.bar\/webshop\/wp-json\/wp\/v2\/product_cat?post=986"},{"taxonomy":"product_tag","embeddable":true,"href":"https:\/\/www.themodernalchemist.bar\/webshop\/wp-json\/wp\/v2\/product_tag?post=986"}],"curies":[{"name":"wp","href":"https:\/\/api.w.org\/{rel}","templated":true}]}}