{"id":948,"date":"2022-01-06T15:26:57","date_gmt":"2022-01-06T13:26:57","guid":{"rendered":"https:\/\/www.themodernalchemist.shop\/product\/uncategorized\/savanna-madras-2007-12y\/"},"modified":"2022-05-22T18:07:56","modified_gmt":"2022-05-22T16:07:56","slug":"savanna-madras-2007-12y","status":"publish","type":"product","link":"https:\/\/www.themodernalchemist.bar\/webshop\/spirits\/rum-rhum\/savanna-madras-2007-12y\/","title":{"rendered":"Savanna Madras 2007 12y"},"content":{"rendered":"<h2 style=\"text-align: center;\"><strong>Savanna Madras 2007 12y<\/strong><\/h2>\n<p style=\"text-align: center;\"><strong>(Limited release, 678 Bottles)<\/strong><\/p>\n<h3>Savanna, M\u00e9tissage.<\/h3>\n<p>&#8220;L\u2019\u00eele de La R\u00e9union est un v\u00e9ritable carrefour des civilisations dans l\u2019Oc\u00e9an Indien : Europ\u00e9ennes, Arabes, Indiennes, Africaines et Orientales. D\u00e8s le XVII -\u00e8me si\u00e8cle, La R\u00e9union s\u2019est nourrie de toutes ces influences, et chacune des cultures marquant son histoire et son peuplement a permis de composer un m\u00e9tissage original de religions, de cuisines, de traditions, d\u2019arts et bien s\u00fbr de ses habitants.<\/p>\n<p>Avec la collection M\u00e9tissage, Savanna propose un voyage dans l\u2019espace et dans le temps au c\u0153ur des racines m\u00eal\u00e9es des R\u00e9unionnais : l\u2019Inde, le Mozambique, Madagascar ou encore la Chine, autant d\u2019origines parmi celles qui enrichissent depuis toujours le melting pot unique en son genre de notre terre m\u00e9tiss\u00e9e, La R\u00e9union.<\/p>\n<ul>\n<li>Rhum Grand Ar\u00f4me vieux de La R\u00e9union<\/li>\n<li>Single Cask n\u00b0496<\/li>\n<li>Mill\u00e9sime : 2007<\/li>\n<li>12 ans d\u2019\u00e2ge<\/li>\n<li>678 bouteilles<\/li>\n<li>60,3% vol<\/li>\n<li>Vieillissement tropical vieilli en chai humide<span style=\"font-size: 16px;\">&#8221; &#8211; <\/span><a style=\"font-size: 16px; background-color: #ffffff;\" href=\"https:\/\/blog.savanna.fr\/2021\/06\/17\/collection-metissage-2\/\" target=\"_blank\" rel=\"noopener\">From Savanna<\/a><\/li>\n<\/ul>\n<ul>\n<li>See more products from <a href=\"https:\/\/www.themodernalchemist.bar\/webshop\/brands\/savanna\/\">Savanna<\/a>.<\/li>\n<li>See <a href=\"https:\/\/www.themodernalchemist.bar\/webshop\/spirits\/rum-rhum\/\">all R(h)ums<\/a>.<\/li>\n<\/ul>\n","protected":false},"excerpt":{"rendered":"<p><strong>DISTILLERY: <\/strong>Savanna<br \/>\n<strong>COUNTRY: <\/strong>R\u00e9union<br \/>\n<strong>TYPE:<\/strong> Grand Ar\u00f4me &#8211; Single Cask<br \/>\n<strong>ABV:<\/strong> 60,3%<br \/>\n<strong>AGED:<\/strong> 12 years<br \/>\n<strong>SIZE : <\/strong>50cl<\/p>\n","protected":false},"featured_media":109,"comment_status":"closed","ping_status":"closed","template":"","meta":{"_uag_custom_page_level_css":"","site-sidebar-layout":"default","site-content-layout":"default","ast-site-content-layout":"default","site-content-style":"default","site-sidebar-style":"default","ast-global-header-display":"","ast-banner-title-visibility":"","ast-main-header-display":"","ast-hfb-above-header-display":"","ast-hfb-below-header-display":"","ast-hfb-mobile-header-display":"","site-post-title":"","ast-breadcrumbs-content":"","ast-featured-img":"","footer-sml-layout":"","ast-disable-related-posts":"","theme-transparent-header-meta":"","adv-header-id-meta":"","stick-header-meta":"","header-above-stick-meta":"","header-main-stick-meta":"","header-below-stick-meta":"","astra-migrate-meta-layouts":"default","ast-page-background-enabled":"default","ast-page-background-meta":{"desktop":{"background-color":"","background-image":"","background-repeat":"repeat","background-position":"center center","background-size":"auto","background-attachment":"scroll","background-type":"","background-media":"","overlay-type":"","overlay-color":"","overlay-opacity":"","overlay-gradient":""},"tablet":{"background-color":"","background-image":"","background-repeat":"repeat","background-position":"center center","background-size":"auto","background-attachment":"scroll","background-type":"","background-media":"","overlay-type":"","overlay-color":"","overlay-opacity":"","overlay-gradient":""},"mobile":{"background-color":"","background-image":"","background-repeat":"repeat","background-position":"center center","background-size":"auto","background-attachment":"scroll","background-type":"","background-media":"","overlay-type":"","overlay-color":"","overlay-opacity":"","overlay-gradient":""}},"ast-content-background-meta":{"desktop":{"background-color":"var(--ast-global-color-5)","background-image":"","background-repeat":"repeat","background-position":"center center","background-size":"auto","background-attachment":"scroll","background-type":"","background-media":"","overlay-type":"","overlay-color":"","overlay-opacity":"","overlay-gradient":""},"tablet":{"background-color":"var(--ast-global-color-5)","background-image":"","background-repeat":"repeat","background-position":"center center","background-size":"auto","background-attachment":"scroll","background-type":"","background-media":"","overlay-type":"","overlay-color":"","overlay-opacity":"","overlay-gradient":""},"mobile":{"background-color":"var(--ast-global-color-5)","background-image":"","background-repeat":"repeat","background-position":"center center","background-size":"auto","background-attachment":"scroll","background-type":"","background-media":"","overlay-type":"","overlay-color":"","overlay-opacity":"","overlay-gradient":""}}},"pwb-brand":[467],"product_brand":[],"product_cat":[413],"product_tag":[195,257,307,322,332],"class_list":{"0":"post-948","1":"product","2":"type-product","3":"status-publish","4":"has-post-thumbnail","6":"pwb-brand-savanna","7":"product_cat-rum-rhum","8":"product_tag-grand-arome","9":"product_tag-metissage","10":"product_tag-reunion","11":"product_tag-savanna","12":"product_tag-single-cask","13":"product_shipping_class-bottles","14":"pa_brand-savanna","15":"pa_distillery-savanna","16":"pa_origin-reunion","17":"pa_rum-type-grand-arome","18":"pa_spirits-type-rum-rhum","19":"pa_year-of-distillation-492","20":"desktop-align-center","21":"tablet-align-center","22":"mobile-align-center","23":"ast-product-gallery-layout-horizontal","24":"ast-product-gallery-with-no-image","25":"ast-magnify-disabled","26":"ast-product-tabs-layout-horizontal","28":"first","29":"outofstock","30":"taxable","31":"shipping-taxable","32":"product-type-simple"},"uagb_featured_image_src":{"full":["https:\/\/www.themodernalchemist.bar\/webshop\/wp-content\/uploads\/sites\/9\/2022\/01\/Savanna-Madras.jpg",1200,1200,false],"thumbnail":["https:\/\/www.themodernalchemist.bar\/webshop\/wp-content\/uploads\/sites\/9\/2022\/01\/Savanna-Madras-150x150.jpg",150,150,true],"medium":["https:\/\/www.themodernalchemist.bar\/webshop\/wp-content\/uploads\/sites\/9\/2022\/01\/Savanna-Madras-300x300.jpg",300,300,true],"medium_large":["https:\/\/www.themodernalchemist.bar\/webshop\/wp-content\/uploads\/sites\/9\/2022\/01\/Savanna-Madras-768x768.jpg",768,768,true],"large":["https:\/\/www.themodernalchemist.bar\/webshop\/wp-content\/uploads\/sites\/9\/2022\/01\/Savanna-Madras-1024x1024.jpg",1024,1024,true],"1536x1536":["https:\/\/www.themodernalchemist.bar\/webshop\/wp-content\/uploads\/sites\/9\/2022\/01\/Savanna-Madras.jpg",1200,1200,false],"2048x2048":["https:\/\/www.themodernalchemist.bar\/webshop\/wp-content\/uploads\/sites\/9\/2022\/01\/Savanna-Madras.jpg",1200,1200,false],"woocommerce_thumbnail":["https:\/\/www.themodernalchemist.bar\/webshop\/wp-content\/uploads\/sites\/9\/2022\/01\/Savanna-Madras-300x300.jpg",300,300,true],"woocommerce_single":["https:\/\/www.themodernalchemist.bar\/webshop\/wp-content\/uploads\/sites\/9\/2022\/01\/Savanna-Madras-600x600.jpg",600,600,true],"woocommerce_gallery_thumbnail":["https:\/\/www.themodernalchemist.bar\/webshop\/wp-content\/uploads\/sites\/9\/2022\/01\/Savanna-Madras-100x100.jpg",100,100,true],"dgwt-wcas-product-suggestion":["https:\/\/www.themodernalchemist.bar\/webshop\/wp-content\/uploads\/sites\/9\/2022\/01\/Savanna-Madras-64x64.jpg",64,64,true]},"uagb_author_info":{"display_name":"Chris","author_link":"https:\/\/www.themodernalchemist.bar\/webshop\/author\/"},"uagb_comment_info":0,"uagb_excerpt":"DISTILLERY: Savanna COUNTRY: R\u00e9union TYPE: Grand Ar\u00f4me - Single Cask ABV: 60,3% AGED: 12 years SIZE : 50cl","brands":[{"id":467,"name":"Savanna","slug":"savanna"}],"_links":{"self":[{"href":"https:\/\/www.themodernalchemist.bar\/webshop\/wp-json\/wp\/v2\/product\/948","targetHints":{"allow":["GET"]}}],"collection":[{"href":"https:\/\/www.themodernalchemist.bar\/webshop\/wp-json\/wp\/v2\/product"}],"about":[{"href":"https:\/\/www.themodernalchemist.bar\/webshop\/wp-json\/wp\/v2\/types\/product"}],"replies":[{"embeddable":true,"href":"https:\/\/www.themodernalchemist.bar\/webshop\/wp-json\/wp\/v2\/comments?post=948"}],"wp:featuredmedia":[{"embeddable":true,"href":"https:\/\/www.themodernalchemist.bar\/webshop\/wp-json\/wp\/v2\/media\/109"}],"wp:attachment":[{"href":"https:\/\/www.themodernalchemist.bar\/webshop\/wp-json\/wp\/v2\/media?parent=948"}],"wp:term":[{"taxonomy":"pwb-brand","embeddable":true,"href":"https:\/\/www.themodernalchemist.bar\/webshop\/wp-json\/wp\/v2\/pwb-brand?post=948"},{"taxonomy":"product_brand","embeddable":true,"href":"https:\/\/www.themodernalchemist.bar\/webshop\/wp-json\/wp\/v2\/product_brand?post=948"},{"taxonomy":"product_cat","embeddable":true,"href":"https:\/\/www.themodernalchemist.bar\/webshop\/wp-json\/wp\/v2\/product_cat?post=948"},{"taxonomy":"product_tag","embeddable":true,"href":"https:\/\/www.themodernalchemist.bar\/webshop\/wp-json\/wp\/v2\/product_tag?post=948"}],"curies":[{"name":"wp","href":"https:\/\/api.w.org\/{rel}","templated":true}]}}