{"id":1066,"date":"2022-01-06T15:27:33","date_gmt":"2022-01-06T13:27:33","guid":{"rendered":"https:\/\/www.themodernalchemist.shop\/product\/uncategorized\/savanna-6y-2012-agricole-cask-984\/"},"modified":"2022-05-22T18:06:59","modified_gmt":"2022-05-22T16:06:59","slug":"savanna-6y-2012-agricole-cask-984","status":"publish","type":"product","link":"https:\/\/www.themodernalchemist.bar\/webshop\/spirits\/rum-rhum\/savanna-6y-2012-agricole-cask-984\/","title":{"rendered":"Savanna 6y 2012 SC Cask #984"},"content":{"rendered":"<h2 style=\"text-align: center;\"><strong>Savanna 6y 2012 SC Cask #984 <\/strong><\/h2>\n<p style=\"text-align: center;\"><strong>(Limited release, 696 Bottles)<\/strong><\/p>\n<h3>Savanna, The Wild Island Edition<\/h3>\n<p>&#8220;La R\u00e9union, l\u2019\u00eele extraordinaire, l\u2019\u00eele intense, l\u2019\u00eele fantastique, nich\u00e9e au c\u0153ur de l\u2019archipel des Mascareignes dans l\u2019Oc\u00e9an Indien a su conserver une mosa\u00efque unique d\u2019\u00e9cosyst\u00e8mes sauvages.<br \/>\nAvec The Wild Island Edition, Savanna rend hommage \u00e0 cette nature sauvage, aux paysages subtropicaux originaux et souvent grandioses qui font La R\u00e9union, ainsi qu\u2019aux photographes qui ont su en saisir toute la magie.&#8221; &#8211;<a href=\"http:\/\/www.distilleriesavanna.com\/\" target=\"_blank\" rel=\"noopener\">From Savanna<\/a><\/p>\n<ul>\n<li>See more products from <a href=\"https:\/\/www.themodernalchemist.bar\/webshop\/brands\/savanna\/\">Savanna<\/a>.<\/li>\n<li>See <a href=\"https:\/\/www.themodernalchemist.bar\/webshop\/spirits\/rum-rhum\/\">all R(h)ums<\/a>.<\/li>\n<\/ul>\n","protected":false},"excerpt":{"rendered":"<p><strong>DISTILLERY: <\/strong>Savanna<br \/>\n<strong>COUNTRY: <\/strong>R\u00e9union<br \/>\n<strong>TYPE:<\/strong> Agricole &#8211; Single Cask<br \/>\n<strong>ABV: <\/strong>57.6%<br \/>\n<strong>AGED:<\/strong> 6y ex-Calvados<br \/>\n<strong>SIZE: <\/strong>50cl<\/p>\n","protected":false},"featured_media":377,"comment_status":"closed","ping_status":"closed","template":"","meta":{"_uag_custom_page_level_css":"","site-sidebar-layout":"default","site-content-layout":"default","ast-site-content-layout":"default","site-content-style":"default","site-sidebar-style":"default","ast-global-header-display":"","ast-banner-title-visibility":"","ast-main-header-display":"","ast-hfb-above-header-display":"","ast-hfb-below-header-display":"","ast-hfb-mobile-header-display":"","site-post-title":"","ast-breadcrumbs-content":"","ast-featured-img":"","footer-sml-layout":"","ast-disable-related-posts":"","theme-transparent-header-meta":"","adv-header-id-meta":"","stick-header-meta":"","header-above-stick-meta":"","header-main-stick-meta":"","header-below-stick-meta":"","astra-migrate-meta-layouts":"default","ast-page-background-enabled":"default","ast-page-background-meta":{"desktop":{"background-color":"","background-image":"","background-repeat":"repeat","background-position":"center center","background-size":"auto","background-attachment":"scroll","background-type":"","background-media":"","overlay-type":"","overlay-color":"","overlay-opacity":"","overlay-gradient":""},"tablet":{"background-color":"","background-image":"","background-repeat":"repeat","background-position":"center center","background-size":"auto","background-attachment":"scroll","background-type":"","background-media":"","overlay-type":"","overlay-color":"","overlay-opacity":"","overlay-gradient":""},"mobile":{"background-color":"","background-image":"","background-repeat":"repeat","background-position":"center center","background-size":"auto","background-attachment":"scroll","background-type":"","background-media":"","overlay-type":"","overlay-color":"","overlay-opacity":"","overlay-gradient":""}},"ast-content-background-meta":{"desktop":{"background-color":"var(--ast-global-color-5)","background-image":"","background-repeat":"repeat","background-position":"center center","background-size":"auto","background-attachment":"scroll","background-type":"","background-media":"","overlay-type":"","overlay-color":"","overlay-opacity":"","overlay-gradient":""},"tablet":{"background-color":"var(--ast-global-color-5)","background-image":"","background-repeat":"repeat","background-position":"center center","background-size":"auto","background-attachment":"scroll","background-type":"","background-media":"","overlay-type":"","overlay-color":"","overlay-opacity":"","overlay-gradient":""},"mobile":{"background-color":"var(--ast-global-color-5)","background-image":"","background-repeat":"repeat","background-position":"center center","background-size":"auto","background-attachment":"scroll","background-type":"","background-media":"","overlay-type":"","overlay-color":"","overlay-opacity":"","overlay-gradient":""}}},"pwb-brand":[467],"product_brand":[],"product_cat":[413],"product_tag":[72,235,307,309,322,332],"class_list":{"0":"post-1066","1":"product","2":"type-product","3":"status-publish","4":"has-post-thumbnail","6":"pwb-brand-savanna","7":"product_cat-rum-rhum","8":"product_tag-agricole","9":"product_tag-limited-release","10":"product_tag-reunion","11":"product_tag-rhum","12":"product_tag-savanna","13":"product_tag-single-cask","14":"product_shipping_class-bottles","15":"pa_brand-savanna","16":"pa_distillery-savanna","17":"pa_origin-reunion","18":"pa_rum-type-agricole-pure-sugarecane-juice","19":"pa_spirits-type-rum-rhum","20":"pa_year-of-distillation-558","21":"desktop-align-center","22":"tablet-align-center","23":"mobile-align-center","24":"ast-product-gallery-layout-horizontal","25":"ast-product-gallery-with-no-image","26":"ast-magnify-disabled","27":"ast-product-tabs-layout-horizontal","29":"first","30":"outofstock","31":"taxable","32":"shipping-taxable","33":"product-type-simple"},"uagb_featured_image_src":{"full":["https:\/\/www.themodernalchemist.bar\/webshop\/wp-content\/uploads\/sites\/9\/2022\/01\/Savanna-SC984.jpg",1200,1200,false],"thumbnail":["https:\/\/www.themodernalchemist.bar\/webshop\/wp-content\/uploads\/sites\/9\/2022\/01\/Savanna-SC984-150x150.jpg",150,150,true],"medium":["https:\/\/www.themodernalchemist.bar\/webshop\/wp-content\/uploads\/sites\/9\/2022\/01\/Savanna-SC984-300x300.jpg",300,300,true],"medium_large":["https:\/\/www.themodernalchemist.bar\/webshop\/wp-content\/uploads\/sites\/9\/2022\/01\/Savanna-SC984-768x768.jpg",768,768,true],"large":["https:\/\/www.themodernalchemist.bar\/webshop\/wp-content\/uploads\/sites\/9\/2022\/01\/Savanna-SC984-1024x1024.jpg",1024,1024,true],"1536x1536":["https:\/\/www.themodernalchemist.bar\/webshop\/wp-content\/uploads\/sites\/9\/2022\/01\/Savanna-SC984.jpg",1200,1200,false],"2048x2048":["https:\/\/www.themodernalchemist.bar\/webshop\/wp-content\/uploads\/sites\/9\/2022\/01\/Savanna-SC984.jpg",1200,1200,false],"woocommerce_thumbnail":["https:\/\/www.themodernalchemist.bar\/webshop\/wp-content\/uploads\/sites\/9\/2022\/01\/Savanna-SC984-300x300.jpg",300,300,true],"woocommerce_single":["https:\/\/www.themodernalchemist.bar\/webshop\/wp-content\/uploads\/sites\/9\/2022\/01\/Savanna-SC984-600x600.jpg",600,600,true],"woocommerce_gallery_thumbnail":["https:\/\/www.themodernalchemist.bar\/webshop\/wp-content\/uploads\/sites\/9\/2022\/01\/Savanna-SC984-100x100.jpg",100,100,true],"dgwt-wcas-product-suggestion":["https:\/\/www.themodernalchemist.bar\/webshop\/wp-content\/uploads\/sites\/9\/2022\/01\/Savanna-SC984-64x64.jpg",64,64,true]},"uagb_author_info":{"display_name":"Chris","author_link":"https:\/\/www.themodernalchemist.bar\/webshop\/author\/"},"uagb_comment_info":0,"uagb_excerpt":"DISTILLERY: Savanna COUNTRY: R\u00e9union TYPE: Agricole - Single Cask ABV: 57.6% AGED: 6y ex-Calvados SIZE: 50cl","brands":[{"id":467,"name":"Savanna","slug":"savanna"}],"_links":{"self":[{"href":"https:\/\/www.themodernalchemist.bar\/webshop\/wp-json\/wp\/v2\/product\/1066","targetHints":{"allow":["GET"]}}],"collection":[{"href":"https:\/\/www.themodernalchemist.bar\/webshop\/wp-json\/wp\/v2\/product"}],"about":[{"href":"https:\/\/www.themodernalchemist.bar\/webshop\/wp-json\/wp\/v2\/types\/product"}],"replies":[{"embeddable":true,"href":"https:\/\/www.themodernalchemist.bar\/webshop\/wp-json\/wp\/v2\/comments?post=1066"}],"wp:featuredmedia":[{"embeddable":true,"href":"https:\/\/www.themodernalchemist.bar\/webshop\/wp-json\/wp\/v2\/media\/377"}],"wp:attachment":[{"href":"https:\/\/www.themodernalchemist.bar\/webshop\/wp-json\/wp\/v2\/media?parent=1066"}],"wp:term":[{"taxonomy":"pwb-brand","embeddable":true,"href":"https:\/\/www.themodernalchemist.bar\/webshop\/wp-json\/wp\/v2\/pwb-brand?post=1066"},{"taxonomy":"product_brand","embeddable":true,"href":"https:\/\/www.themodernalchemist.bar\/webshop\/wp-json\/wp\/v2\/product_brand?post=1066"},{"taxonomy":"product_cat","embeddable":true,"href":"https:\/\/www.themodernalchemist.bar\/webshop\/wp-json\/wp\/v2\/product_cat?post=1066"},{"taxonomy":"product_tag","embeddable":true,"href":"https:\/\/www.themodernalchemist.bar\/webshop\/wp-json\/wp\/v2\/product_tag?post=1066"}],"curies":[{"name":"wp","href":"https:\/\/api.w.org\/{rel}","templated":true}]}}