{"id":1065,"date":"2022-01-06T15:27:33","date_gmt":"2022-01-06T14:27:33","guid":{"rendered":"https:\/\/www.themodernalchemist.shop\/product\/uncategorized\/savanna-creol-straight-b2\/"},"modified":"2022-02-22T12:40:48","modified_gmt":"2022-02-22T11:40:48","slug":"savanna-creol-straight-b2","status":"publish","type":"product","link":"https:\/\/www.themodernalchemist.bar\/webshop\/spirits\/rum-rhum\/savanna-creol-straight-b2\/","title":{"rendered":"Savanna Cr\u00e9ol Straight B#2"},"content":{"rendered":"<h2 style=\"text-align: center;\"><strong>Savanna Cr\u00e9ol Straight B#2 67.4%<\/strong><\/h2>\n<p>&nbsp;<\/p>\n<p>&#8220;Savanna Cr\u00e9ol, directement issu du plus pur jus de canne \u00e0 sucre, est fid\u00e8le aux recettes ancestrales des grands rhums agricoles. La noblesse des fragrances ainsi conserv\u00e9es \u00e9clate en bouche avec vivacit\u00e9.<br \/>\nFruit\u00e9 et d\u00e9licatement parfum\u00e9, il s\u2019exprime pleinement en ti\u2019punch.<br \/>\nD\u00e8s le d\u00e9but du XVIIe si\u00e8cle, les premiers rhums sont distill\u00e9s \u00e0 partir de jus de canne \u00e0 sucre ferment\u00e9, obtenu par pressage \u00e0 l\u2019aide d\u2019un fangourin.<br \/>\nCette \u00e9laboration permet de conserver l\u2019enti\u00e8re richesse des ar\u00f4mes de la canne.<br \/>\nDistillerie de Savanna, situ\u00e9e sur le site de Bois-Rouge, dispose d\u2019un jus de canne d\u2019une exceptionnelle fra\u00eecheur, aussit\u00f4t distill\u00e9 apr\u00e8s fermentation.&#8221; -From <a href=\"http:\/\/www.distilleriesavanna.com\/?page_id=220\" target=\"_blank\" rel=\"noopener\">Savanna<\/a><\/p>\n<ul>\n<li>See more products from <a href=\"https:\/\/www.themodernalchemist.bar\/webshop\/brands\/savanna\/\">Savanna<\/a>.<\/li>\n<li>See <a href=\"https:\/\/www.themodernalchemist.bar\/webshop\/spirits\/rum-rhum\/\">all R(h)ums<\/a>.<\/li>\n<\/ul>\n","protected":false},"excerpt":{"rendered":"<p><strong>DISTILLERY: <\/strong>Savanna<br \/>\n<strong>COUNTRY: <\/strong>R\u00e9union<br \/>\n<strong>TYPE:<\/strong> Rhum Agricole &#8211; Brut de Colonne<br \/>\n<strong>ABV:<\/strong> 67.4%<br \/>\n<strong>AGED:<\/strong> unaged<br \/>\n<strong>SIZE : <\/strong>50cl<\/p>\n","protected":false},"featured_media":375,"comment_status":"closed","ping_status":"closed","template":"","meta":{"_uag_custom_page_level_css":"","site-sidebar-layout":"default","site-content-layout":"default","ast-site-content-layout":"default","site-content-style":"default","site-sidebar-style":"default","ast-global-header-display":"","ast-banner-title-visibility":"","ast-main-header-display":"","ast-hfb-above-header-display":"","ast-hfb-below-header-display":"","ast-hfb-mobile-header-display":"","site-post-title":"","ast-breadcrumbs-content":"","ast-featured-img":"","footer-sml-layout":"","ast-disable-related-posts":"","theme-transparent-header-meta":"","adv-header-id-meta":"","stick-header-meta":"","header-above-stick-meta":"","header-main-stick-meta":"","header-below-stick-meta":"","astra-migrate-meta-layouts":"default","ast-page-background-enabled":"default","ast-page-background-meta":{"desktop":{"background-color":"","background-image":"","background-repeat":"repeat","background-position":"center center","background-size":"auto","background-attachment":"scroll","background-type":"","background-media":"","overlay-type":"","overlay-color":"","overlay-opacity":"","overlay-gradient":""},"tablet":{"background-color":"","background-image":"","background-repeat":"repeat","background-position":"center center","background-size":"auto","background-attachment":"scroll","background-type":"","background-media":"","overlay-type":"","overlay-color":"","overlay-opacity":"","overlay-gradient":""},"mobile":{"background-color":"","background-image":"","background-repeat":"repeat","background-position":"center center","background-size":"auto","background-attachment":"scroll","background-type":"","background-media":"","overlay-type":"","overlay-color":"","overlay-opacity":"","overlay-gradient":""}},"ast-content-background-meta":{"desktop":{"background-color":"var(--ast-global-color-5)","background-image":"","background-repeat":"repeat","background-position":"center center","background-size":"auto","background-attachment":"scroll","background-type":"","background-media":"","overlay-type":"","overlay-color":"","overlay-opacity":"","overlay-gradient":""},"tablet":{"background-color":"var(--ast-global-color-5)","background-image":"","background-repeat":"repeat","background-position":"center center","background-size":"auto","background-attachment":"scroll","background-type":"","background-media":"","overlay-type":"","overlay-color":"","overlay-opacity":"","overlay-gradient":""},"mobile":{"background-color":"var(--ast-global-color-5)","background-image":"","background-repeat":"repeat","background-position":"center center","background-size":"auto","background-attachment":"scroll","background-type":"","background-media":"","overlay-type":"","overlay-color":"","overlay-opacity":"","overlay-gradient":""}}},"pwb-brand":[467],"product_brand":[],"product_cat":[413],"product_tag":[72,307,309,322],"class_list":{"0":"post-1065","1":"product","2":"type-product","3":"status-publish","4":"has-post-thumbnail","6":"pwb-brand-savanna","7":"product_cat-rum-rhum","8":"product_tag-agricole","9":"product_tag-reunion","10":"product_tag-rhum","11":"product_tag-savanna","12":"product_shipping_class-bottles","13":"pa_brand-savanna","14":"pa_distillery-savanna","15":"pa_origin-reunion","16":"pa_rum-type-agricole-pure-sugarecane-juice","17":"pa_spirits-type-rum-rhum","18":"pa_year-of-distillation-619","19":"desktop-align-center","20":"tablet-align-center","21":"mobile-align-center","22":"ast-product-gallery-layout-horizontal","23":"ast-product-gallery-with-no-image","24":"ast-magnify-disabled","25":"ast-product-tabs-layout-horizontal","27":"first","28":"outofstock","29":"taxable","30":"shipping-taxable","31":"purchasable","32":"product-type-simple"},"uagb_featured_image_src":{"full":["https:\/\/www.themodernalchemist.bar\/webshop\/wp-content\/uploads\/sites\/9\/2022\/01\/Savanna-Creol-Straight.jpg",1200,1200,false],"thumbnail":["https:\/\/www.themodernalchemist.bar\/webshop\/wp-content\/uploads\/sites\/9\/2022\/01\/Savanna-Creol-Straight-150x150.jpg",150,150,true],"medium":["https:\/\/www.themodernalchemist.bar\/webshop\/wp-content\/uploads\/sites\/9\/2022\/01\/Savanna-Creol-Straight-300x300.jpg",300,300,true],"medium_large":["https:\/\/www.themodernalchemist.bar\/webshop\/wp-content\/uploads\/sites\/9\/2022\/01\/Savanna-Creol-Straight-768x768.jpg",768,768,true],"large":["https:\/\/www.themodernalchemist.bar\/webshop\/wp-content\/uploads\/sites\/9\/2022\/01\/Savanna-Creol-Straight-1024x1024.jpg",1024,1024,true],"1536x1536":["https:\/\/www.themodernalchemist.bar\/webshop\/wp-content\/uploads\/sites\/9\/2022\/01\/Savanna-Creol-Straight.jpg",1200,1200,false],"2048x2048":["https:\/\/www.themodernalchemist.bar\/webshop\/wp-content\/uploads\/sites\/9\/2022\/01\/Savanna-Creol-Straight.jpg",1200,1200,false],"woocommerce_thumbnail":["https:\/\/www.themodernalchemist.bar\/webshop\/wp-content\/uploads\/sites\/9\/2022\/01\/Savanna-Creol-Straight-300x300.jpg",300,300,true],"woocommerce_single":["https:\/\/www.themodernalchemist.bar\/webshop\/wp-content\/uploads\/sites\/9\/2022\/01\/Savanna-Creol-Straight-600x600.jpg",600,600,true],"woocommerce_gallery_thumbnail":["https:\/\/www.themodernalchemist.bar\/webshop\/wp-content\/uploads\/sites\/9\/2022\/01\/Savanna-Creol-Straight-100x100.jpg",100,100,true],"dgwt-wcas-product-suggestion":["https:\/\/www.themodernalchemist.bar\/webshop\/wp-content\/uploads\/sites\/9\/2022\/01\/Savanna-Creol-Straight-64x64.jpg",64,64,true]},"uagb_author_info":{"display_name":"Chris","author_link":"https:\/\/www.themodernalchemist.bar\/webshop\/author\/"},"uagb_comment_info":0,"uagb_excerpt":"DISTILLERY: Savanna COUNTRY: R\u00e9union TYPE: Rhum Agricole - Brut de Colonne ABV: 67.4% AGED: unaged SIZE : 50cl","brands":[{"id":467,"name":"Savanna","slug":"savanna"}],"_links":{"self":[{"href":"https:\/\/www.themodernalchemist.bar\/webshop\/wp-json\/wp\/v2\/product\/1065","targetHints":{"allow":["GET"]}}],"collection":[{"href":"https:\/\/www.themodernalchemist.bar\/webshop\/wp-json\/wp\/v2\/product"}],"about":[{"href":"https:\/\/www.themodernalchemist.bar\/webshop\/wp-json\/wp\/v2\/types\/product"}],"replies":[{"embeddable":true,"href":"https:\/\/www.themodernalchemist.bar\/webshop\/wp-json\/wp\/v2\/comments?post=1065"}],"wp:featuredmedia":[{"embeddable":true,"href":"https:\/\/www.themodernalchemist.bar\/webshop\/wp-json\/wp\/v2\/media\/375"}],"wp:attachment":[{"href":"https:\/\/www.themodernalchemist.bar\/webshop\/wp-json\/wp\/v2\/media?parent=1065"}],"wp:term":[{"taxonomy":"pwb-brand","embeddable":true,"href":"https:\/\/www.themodernalchemist.bar\/webshop\/wp-json\/wp\/v2\/pwb-brand?post=1065"},{"taxonomy":"product_brand","embeddable":true,"href":"https:\/\/www.themodernalchemist.bar\/webshop\/wp-json\/wp\/v2\/product_brand?post=1065"},{"taxonomy":"product_cat","embeddable":true,"href":"https:\/\/www.themodernalchemist.bar\/webshop\/wp-json\/wp\/v2\/product_cat?post=1065"},{"taxonomy":"product_tag","embeddable":true,"href":"https:\/\/www.themodernalchemist.bar\/webshop\/wp-json\/wp\/v2\/product_tag?post=1065"}],"curies":[{"name":"wp","href":"https:\/\/api.w.org\/{rel}","templated":true}]}}